{"id":16951,"date":"2020-11-17T14:22:49","date_gmt":"2020-11-17T13:22:49","guid":{"rendered":"https:\/\/www.erweiterte-medizin.de\/?page_id=16951"},"modified":"2021-11-08T16:46:46","modified_gmt":"2021-11-08T15:46:46","slug":"tps","status":"publish","type":"page","link":"https:\/\/www.erweiterte-medizin.de\/pl\/tps\/","title":{"rendered":"TPS-Przezczaszkowa stymulacja pulsu"},"content":{"rendered":"<h1>TPS<sup>\u00ae<\/sup> &#8211; Przezczaszkowa stymulacja pulsu<\/h1>\n<h2>TPS<sup>\u00ae <\/sup>do leczenia Demencji, Alzheimera: Zatwierdzone, skuteczne i bezpieczne.<\/h2>\n<p><span style=\"font-weight: bold;\"><img decoding=\"async\" class=\"mobile-picture alignleft wp-image-16863 size-full\" src=\"https:\/\/www.erweiterte-medizin.de\/wp-content\/uploads\/2020\/11\/TPS-Transkranielle-Pulsstimulation.jpg\" alt=\"TPS - Transkranielle-Pulsstimulation\" width=\"300\" height=\"300\" srcset=\"https:\/\/www.erweiterte-medizin.de\/wp-content\/uploads\/2020\/11\/TPS-Transkranielle-Pulsstimulation.jpg 300w, https:\/\/www.erweiterte-medizin.de\/wp-content\/uploads\/2020\/11\/TPS-Transkranielle-Pulsstimulation-150x150.jpg 150w, https:\/\/www.erweiterte-medizin.de\/wp-content\/uploads\/2020\/11\/TPS-Transkranielle-Pulsstimulation-65x65.jpg 65w\" sizes=\"(max-width: 300px) 100vw, 300px\" \/>Po raz pierwszy w Niemczech istnieje zatwierdzona klinicznie terapia dla pacjent\u00f3w z demencj\u0105 Alzheimera.<br \/>\n<\/span><\/p>\n<p><span style=\"font-weight: bold;\">&#8222;Przezczaszkowa stymulacja t\u0119tna&#8221; (TPS) mo\u017ce znacz\u0105co poprawi\u0107 chore funkcje m\u00f3zgu u pacjent\u00f3w z demencj\u0105 Alzheimera. <\/span><\/p>\n<p>Ju\u017c w po\u0142owie lat 90-tych lekarze i naukowcy uznali skuteczno\u015b\u0107 fal uderzeniowych w obwodowych chorobach neurologicznych, takich jak skurcze pourazowe, parali\u017c spastyczny, stany \u015bpi\u0105czki na jawie i polineuropatia (dr Lohse-Busch, Bad Krozingen). Po wielu latach bada\u0144 i rozwoju prowadzonych przez Storz Medical AG w Szwajcarii, w 2014 roku przeprowadzono pierwsze badania kliniczne pacjent\u00f3w z chorob\u0105 Alzheimera z zastosowaniem systemu NEUROLITH<sup>\u00ae<\/sup>. W 2018 roku Transcranial Pulse Stimulation (TPS<sup>\u00ae<\/sup>) z systemem NEUROLITH<sup>\u00ae<\/sup> otrzyma\u0142 zgod\u0119 na <em>&#8222;leczenie centralnego uk\u0142adu nerwowego pacjent\u00f3w z chorob\u0105 Alzheimera&#8221;<\/em> jako pierwsza i jak dot\u0105d jedyna tego typu procedura na \u015bwiecie<em>.<\/em><\/p>\n<p><img decoding=\"async\" class=\"mobile-picture alignright wp-image-16872 size-full\" src=\"https:\/\/www.erweiterte-medizin.de\/wp-content\/uploads\/2020\/11\/TPS-Behandlung.jpg\" alt=\"TPS-Behandlung\" width=\"300\" height=\"300\" srcset=\"https:\/\/www.erweiterte-medizin.de\/wp-content\/uploads\/2020\/11\/TPS-Behandlung.jpg 300w, https:\/\/www.erweiterte-medizin.de\/wp-content\/uploads\/2020\/11\/TPS-Behandlung-150x150.jpg 150w, https:\/\/www.erweiterte-medizin.de\/wp-content\/uploads\/2020\/11\/TPS-Behandlung-65x65.jpg 65w\" sizes=\"(max-width: 300px) 100vw, 300px\" \/><\/p>\n<p>Za pomoc\u0105 TPS<sup>\u00ae <\/sup>mo\u017cna stymulowa\u0107 regiony m\u00f3zgu do g\u0142\u0119boko\u015bci 8 cm. Niezwykle kr\u00f3tki czas stymulacji zapobiega ryzyku nagrzewania si\u0119 tkanek w m\u00f3zgu. Oznacza to, \u017ce impulsy mog\u0105 dzia\u0142a\u0107 na region, kt\u00f3ry ma by\u0107 leczony z maksymaln\u0105 efektywno\u015bci\u0105 kliniczn\u0105.<\/p>\n<p>Zabieg TPS<sup>\u00ae<\/sup> odbywa si\u0119 przez zamkni\u0119t\u0105 czaszk\u0119. Podczas 30-minutowego zabiegu pacjent siedzi odpr\u0119\u017cony w fotelu zabiegowym i mo\u017ce si\u0119 swobodnie porusza\u0107. Golenie g\u0142owy nie jest konieczne!<\/p>\n<p>Do tej pory tzw. test CERAD (specjalnie opracowany, wieloetapowy kwestionariusz s\u0142u\u017c\u0105cy do okre\u015blenia stopnia zaawansowania choroby Alzheimera) wykaza\u0142 znaczny wzrost i redukcj\u0119 depresji (Becks Depression Index) w przypadku choroby Alzheimera od lekkiej do umiarkowanej. W mi\u0119dzyczasie wykonano ponad 1.500 sesji zabiegowych z wykorzystaniem systemu NEUROLITH<sup>\u00ae<\/sup>. Nie by\u0142o \u017cadnych skutk\u00f3w ubocznych.<\/p>\n<h3>Cel TPS<sup>\u00ae <\/sup>w \u0142agodnej demencji Alzheimera:<\/h3>\n<p>Pacjenci powinni mie\u0107 mo\u017cliwo\u015b\u0107 \u0142atwiejszego zapami\u0119tania tre\u015bci rozm\u00f3w lub \u0142atwiejszego znalezienia przedmiot\u00f3w, kt\u00f3re zosta\u0142y odrzucone. Nale\u017cy r\u00f3wnie\u017c poprawi\u0107 zaburzenia planowania i organizacji my\u015blenia, formu\u0142owania i orientacji.<\/p>\n<h3>Celem TPS<sup>\u00ae<\/sup> w umiarkowanie ci\u0119\u017ckiej demencji Alzheimera:<\/h3>\n<p>Celem jest tutaj przeciwdzia\u0142anie ograniczeniom pami\u0119ci, my\u015blenia i orientacji u poszkodowanych, aby poprawi\u0107 ich niezale\u017cny styl \u017cycia. Pacjenci powinni mie\u0107 mo\u017cliwo\u015b\u0107 lepszej komunikacji z otoczeniem.<\/p>\n<div><img decoding=\"async\" class=\"mobile-picture alignleft wp-image-16885 size-full\" src=\"https:\/\/www.erweiterte-medizin.de\/wp-content\/uploads\/2020\/11\/TPS-Behandlung-ambulant.jpg\" alt=\"TPS-Behandlung-ambulant\" width=\"300\" height=\"300\" srcset=\"https:\/\/www.erweiterte-medizin.de\/wp-content\/uploads\/2020\/11\/TPS-Behandlung-ambulant.jpg 300w, https:\/\/www.erweiterte-medizin.de\/wp-content\/uploads\/2020\/11\/TPS-Behandlung-ambulant-150x150.jpg 150w, https:\/\/www.erweiterte-medizin.de\/wp-content\/uploads\/2020\/11\/TPS-Behandlung-ambulant-65x65.jpg 65w\" sizes=\"(max-width: 300px) 100vw, 300px\" \/>W naszym Centrum Medycyny Zaawansowanej oferujemy to przysz\u0142o\u015bciowe leczenie ambulatoryjne. Cykl leczenia sk\u0142ada si\u0119 z sze\u015bciu jednostek, kt\u00f3re s\u0105 przeprowadzane w ci\u0105gu dw\u00f3ch tygodni. W ci\u0105gu nast\u0119pnych 12 miesi\u0119cy zaleca si\u0119 dalsze 6 do 9 jednostek terapeutycznych lub kontynuowanie ich indywidualnej struktury.<\/div>\n<div style=\"float: left; 100%;margin-top: 15px;\">\n<h3>Uwaga i spojrzenie:<\/h3>\n<p>Po ostatnich sukcesach w leczeniu, schorzenia neurologiczne, takie jak choroba Parkinsona, udar m\u00f3zgu i urazy rdzenia kr\u0119gowego s\u0105 obecnie przedmiotem dalszych bada\u0144 klinicznych i rozwoju dzi\u0119ki przezczaszkowej stymulacji pulsu&#8221; (TPS<sup>\u00ae<\/sup>).<\/p>\n<\/div>\n<hr \/>\n<p><span style=\"color: #0f2e4d; font-weight: bold;\">Masz pytania lub chcia\u0142by\u015b uzyska\u0107 wi\u0119cej informacji na temat TPS<sup>\u00ae<\/sup>? Prosz\u0119 do nas napisa\u0107 lub zadzwoni\u0107.<br \/>\nNasi pracownicy szybko i kompetentnie odpowiedz\u0105 na Pa\u0144stwa pro\u015bb\u0119. Ch\u0119tnie oddzwonimy do Pa\u0144stwa r\u00f3wnie\u017c telefonicznie, aby udzieli\u0107 Pa\u0144stwu indywidualnej porady.<\/span><\/p>\n<div style=\"background: #C4ECFC; padding: 10px; margin-top: 20px;\">\n<p><span style=\"font-size: 20px; margin-bottom: 10px;\">Zapytaj nas.<br \/>\n<\/span><\/p>\n\n<div class=\"wpcf7 no-js\" id=\"wpcf7-f16956-o1\" lang=\"de-DE\" dir=\"ltr\" data-wpcf7-id=\"16956\">\n<div class=\"screen-reader-response\"><p role=\"status\" aria-live=\"polite\" aria-atomic=\"true\"><\/p> <ul><\/ul><\/div>\n<form action=\"\/pl\/wp-json\/wp\/v2\/pages\/16951#wpcf7-f16956-o1\" method=\"post\" class=\"wpcf7-form init\" aria-label=\"Kontaktformular\" novalidate=\"novalidate\" data-status=\"init\">\n<div style=\"display: none;\">\n<input type=\"hidden\" name=\"_wpcf7\" value=\"16956\" \/>\n<input type=\"hidden\" name=\"_wpcf7_version\" value=\"6.0.6\" \/>\n<input type=\"hidden\" name=\"_wpcf7_locale\" value=\"de_DE\" \/>\n<input type=\"hidden\" name=\"_wpcf7_unit_tag\" value=\"wpcf7-f16956-o1\" \/>\n<input type=\"hidden\" name=\"_wpcf7_container_post\" value=\"0\" \/>\n<input type=\"hidden\" name=\"_wpcf7_posted_data_hash\" value=\"\" \/>\n<input type=\"hidden\" name=\"_wpcf7_recaptcha_response\" value=\"\" \/>\n<\/div>\n<p><span style=\"font-size:13px;\"><b>*Wymagane pola<\/b><\/span>\n<\/p>\n<p><label> Twoje imi\u0119 (*)<br \/>\n<span class=\"wpcf7-form-control-wrap\" data-name=\"your-name\"><input size=\"40\" maxlength=\"400\" class=\"wpcf7-form-control wpcf7-text wpcf7-validates-as-required\" aria-required=\"true\" aria-invalid=\"false\" value=\"\" type=\"text\" name=\"your-name\" \/><\/span> <\/label>\n<\/p>\n<p><label> Tw\u00f3j adres email (*)<br \/>\n<span class=\"wpcf7-form-control-wrap\" data-name=\"your-email\"><input size=\"40\" maxlength=\"400\" class=\"wpcf7-form-control wpcf7-email wpcf7-validates-as-required wpcf7-text wpcf7-validates-as-email\" aria-required=\"true\" aria-invalid=\"false\" value=\"\" type=\"email\" name=\"your-email\" \/><\/span> <\/label>\n<\/p>\n<p><label> Tw\u00f3j numer telefonu<br \/>\n<span class=\"wpcf7-form-control-wrap\" data-name=\"tel-698\"><input size=\"40\" maxlength=\"400\" class=\"wpcf7-form-control wpcf7-tel wpcf7-text wpcf7-validates-as-tel\" aria-invalid=\"false\" value=\"\" type=\"tel\" name=\"tel-698\" \/><\/span> <\/label>\n<\/p>\n<p><label> Przedmiot (*)<br \/>\n<span class=\"wpcf7-form-control-wrap\" data-name=\"your-subject\"><input size=\"40\" maxlength=\"400\" class=\"wpcf7-form-control wpcf7-text wpcf7-validates-as-required\" aria-required=\"true\" aria-invalid=\"false\" value=\"\" type=\"text\" name=\"your-subject\" \/><\/span> <\/label>\n<\/p>\n<p><label> Wiadomo\u015b\u0107 (*)<br \/>\n<span class=\"wpcf7-form-control-wrap\" data-name=\"your-message\"><textarea cols=\"40\" rows=\"10\" maxlength=\"2000\" class=\"wpcf7-form-control wpcf7-textarea wpcf7-validates-as-required\" aria-required=\"true\" aria-invalid=\"false\" name=\"your-message\"><\/textarea><\/span> <\/label>\n<\/p>\n<p><span id=\"wpcf7-69dfd14f06a2b-wrapper\" class=\"wpcf7-form-control-wrap website-675-wrap\" ><input type=\"hidden\" name=\"website-675-time-start\" value=\"1776275791\"><input type=\"hidden\" name=\"website-675-time-check\" value=\"8\"><label for=\"wpcf7-69dfd14f06a2b-field\" class=\"hp-message\">Bitte lasse dieses Feld leer.<\/label><input id=\"wpcf7-69dfd14f06a2b-field\"  class=\"wpcf7-form-control wpcf7-text\" type=\"text\" name=\"website-675\" value=\"\" size=\"40\" tabindex=\"-1\" autocomplete=\"new-password\" \/><\/span>\n<\/p>\n<p><span class=\"wpcf7-form-control-wrap\" data-name=\"acceptance-938\"><span class=\"wpcf7-form-control wpcf7-acceptance\"><span class=\"wpcf7-list-item\"><label><input type=\"checkbox\" name=\"acceptance-938\" value=\"1\" aria-invalid=\"false\" \/><span class=\"wpcf7-list-item-label\">(*) Tak, wyra\u017cam zgod\u0119 na przetwarzanie moich danych osobowych - zgodnie z rozporz\u0105dzeniem Generalnego Ochrony Danych (PKBR) - aby proces odpowiedzi na to \u017c\u0105danie. (Twoje dane b\u0119d\u0105 traktowane jako poufne.)<\/span><\/label><\/span><\/span><\/span>\n<\/p>\n<p><input class=\"wpcf7-form-control wpcf7-submit has-spinner\" type=\"submit\" value=\"Wy\u015blij wiadomo\u015b\u0107\" \/>\n<\/p><div class=\"wpcf7-response-output\" aria-hidden=\"true\"><\/div>\n<\/form>\n<\/div>\n\n<\/div>\n","protected":false},"excerpt":{"rendered":"<p>TPS\u00ae &#8211; Przezczaszkowa stymulacja pulsu TPS\u00ae do leczenia Demencji, Alzheimera: Zatwierdzone, skuteczne i bezpieczne. Po raz pierwszy w Niemczech istnieje zatwierdzona klinicznie terapia dla pacjent\u00f3w z demencj\u0105 Alzheimera. &#8222;Przezczaszkowa stymulacja t\u0119tna&#8221; (TPS) mo\u017ce znacz\u0105co poprawi\u0107 chore funkcje m\u00f3zgu u pacjent\u00f3w z demencj\u0105 Alzheimera. Ju\u017c w po\u0142owie lat 90-tych lekarze i naukowcy uznali skuteczno\u015b\u0107 fal uderzeniowych&#8230;<\/p>\n","protected":false},"author":1,"featured_media":0,"parent":0,"menu_order":0,"comment_status":"closed","ping_status":"closed","template":"","meta":{"content-type":"","footnotes":""},"class_list":["post-16951","page","type-page","status-publish","hentry"],"_links":{"self":[{"href":"https:\/\/www.erweiterte-medizin.de\/pl\/wp-json\/wp\/v2\/pages\/16951"}],"collection":[{"href":"https:\/\/www.erweiterte-medizin.de\/pl\/wp-json\/wp\/v2\/pages"}],"about":[{"href":"https:\/\/www.erweiterte-medizin.de\/pl\/wp-json\/wp\/v2\/types\/page"}],"author":[{"embeddable":true,"href":"https:\/\/www.erweiterte-medizin.de\/pl\/wp-json\/wp\/v2\/users\/1"}],"replies":[{"embeddable":true,"href":"https:\/\/www.erweiterte-medizin.de\/pl\/wp-json\/wp\/v2\/comments?post=16951"}],"version-history":[{"count":0,"href":"https:\/\/www.erweiterte-medizin.de\/pl\/wp-json\/wp\/v2\/pages\/16951\/revisions"}],"wp:attachment":[{"href":"https:\/\/www.erweiterte-medizin.de\/pl\/wp-json\/wp\/v2\/media?parent=16951"}],"curies":[{"name":"wp","href":"https:\/\/api.w.org\/{rel}","templated":true}]}}