{"id":19142,"date":"2024-04-26T07:57:15","date_gmt":"2024-04-26T05:57:15","guid":{"rendered":"https:\/\/www.erweiterte-medizin.de\/diagnostyka\/profil-zdrowotny-z-crt\/"},"modified":"2024-04-26T08:34:00","modified_gmt":"2024-04-26T06:34:00","slug":"profil-zdrowotny-z-crt","status":"publish","type":"page","link":"https:\/\/www.erweiterte-medizin.de\/pl\/diagnostyka\/profil-zdrowotny-z-crt\/","title":{"rendered":"Profil zdrowotny z CRT"},"content":{"rendered":"<p>Stan ca\u0142ego cia\u0142a w ci\u0105gu jednej godziny<\/p>\n<h2>Wczesne wykrywanie chor\u00f3b przed wyst\u0105pieniem objaw\u00f3w<\/h2>\n<h3>Czym jest komputerowa termografia regulacyjna?<\/h3>\n<p><img decoding=\"async\" class=\"size-medium wp-image-19093 alignleft\" src=\"https:\/\/www.erweiterte-medizin.de\/wp-content\/uploads\/2024\/04\/flyer-2024-Hanau-1-300x300.png\" alt=\"\" width=\"300\" height=\"300\" srcset=\"https:\/\/www.erweiterte-medizin.de\/wp-content\/uploads\/2024\/04\/flyer-2024-Hanau-1-300x300.png 300w, https:\/\/www.erweiterte-medizin.de\/wp-content\/uploads\/2024\/04\/flyer-2024-Hanau-1-1024x1019.png 1024w, https:\/\/www.erweiterte-medizin.de\/wp-content\/uploads\/2024\/04\/flyer-2024-Hanau-1-150x150.png 150w, https:\/\/www.erweiterte-medizin.de\/wp-content\/uploads\/2024\/04\/flyer-2024-Hanau-1-768x765.png 768w, https:\/\/www.erweiterte-medizin.de\/wp-content\/uploads\/2024\/04\/flyer-2024-Hanau-1-65x65.png 65w, https:\/\/www.erweiterte-medizin.de\/wp-content\/uploads\/2024\/04\/flyer-2024-Hanau-1-500x500.png 500w, https:\/\/www.erweiterte-medizin.de\/wp-content\/uploads\/2024\/04\/flyer-2024-Hanau-1-860x856.png 860w, https:\/\/www.erweiterte-medizin.de\/wp-content\/uploads\/2024\/04\/flyer-2024-Hanau-1.png 1127w\" sizes=\"(max-width: 300px) 100vw, 300px\" \/>Badanie CRT jest jedn\u0105 z najnowocze\u015bniejszych, innowacyjnych i pouczaj\u0105cych metod badania w dziedzinie medycyny funkcjonalnej. Funkcjonalno\u015b\u0107 oznacza, \u017ce metoda ta jest szczeg\u00f3lnie przydatna do odkrywania przyczyn dolegliwo\u015bci i zaburze\u0144 nastroju, zanim choroba w pe\u0142ni si\u0119 rozwinie. W por\u00f3wnaniu z innymi metodami badania, badanie CRT jest bardzo z\u0142o\u017con\u0105 metod\u0105, dzi\u0119ki kt\u00f3rej mo\u017cna szczeg\u00f3\u0142owo wykry\u0107 nawet najbardziej subtelne zaburzenia w organizmie, zanim dana osoba odczuje jakiekolwiek objawy. W szczeg\u00f3lno\u015bci w przypadku raka wiemy obecnie, \u017ce rozw\u00f3j guza o wielko\u015bci oko\u0142o 1 cm, kt\u00f3ry jest ca\u0142kowicie bezobjawowy dla pacjenta i dlatego pozostaje niewykryty, zajmuje od 8 do 10 lat. W praktyce oznacza to r\u00f3wnie\u017c, \u017ce tracimy najcenniejszy czas terapii o oko\u0142o 10 lat.<\/p>\n&#13;\n<h2 class=\"wp-block-heading\">Termografia z regulacj\u0105 komputerow\u0105 (CRT)<\/h2>&#13;\n&#13;\n<p>Wymiana ciep\u0142a przed i po dzia\u0142aniu zimnego bod\u017aca jest mierzona w jasno okre\u015blonych obszarach cia\u0142a, w tym na twarzy i klatce piersiowej. Kr\u0105\u017cenie krwi jest w du\u017cej mierze odpowiedzialne za temperatur\u0119 na powierzchni cia\u0142a. Jest on kontrolowany odruchowo przez autonomiczny uk\u0142ad nerwowy<br\/>(cz\u0119\u015b\u0107 uk\u0142adu nerwowego, na kt\u00f3r\u0105 nie mo\u017cemy wp\u0142ywa\u0107 nasz\u0105 wol\u0105) i reguluje ciep\u0142o wewn\u0105trz cia\u0142a, kt\u00f3re dociera do powierzchni sk\u00f3ry zgodnie z prawami fizjologicznymi i jest tam mierzone i rejestrowane za pomoc\u0105 bardzo czu\u0142ego czujnika z dok\u0142adno\u015bci\u0105 do jednej dziesi\u0105tej stopnia.<\/p>&#13;\n&#13;\n<p>Precyzyjnie okre\u015blone punkty na powierzchni sk\u00f3ry mog\u0105 by\u0107 zatem przypisane do konkretnych narz\u0105d\u00f3w wewn\u0119trznych. W zale\u017cno\u015bci od rozwijaj\u0105cego si\u0119 zaburzenia narz\u0105du, temperatura sk\u00f3ry zmienia si\u0119 w bardzo charakterystyczny spos\u00f3b, staj\u0105c si\u0119 w ten spos\u00f3b &#8222;instrumentem diagnostycznym&#8221;.<\/p>&#13;\n&#13;\n<p>\u0141\u0105cznie 120 zdefiniowanych obszar\u00f3w sk\u00f3ry jest mierzonych, a nast\u0119pnie wizualizowanych graficznie za pomoc\u0105 komputera. Ten obraz termiczny jest tak indywidualny, jak odcisk palca ka\u017cdej osoby. Przeszkolony lekarz mo\u017ce wyci\u0105gn\u0105\u0107 wnioski na temat wszystkich wa\u017cnych uk\u0142ad\u00f3w narz\u0105d\u00f3w z tego obrazu termicznego i om\u00f3wi\u0107 je z pacjentem natychmiast po pomiarze. W razie potrzeby wyja\u015bnione zostan\u0105 r\u00f3wnie\u017c niezb\u0119dne \u015brodki terapeutyczne.<\/p>&#13;\n\r\n<figure class=\"wp-block-gallery has-nested-images columns-default is-cropped wp-block-gallery-1 is-layout-flex wp-block-gallery-is-layout-flex\">&#13;\n<figure class=\"wp-block-image size-large\"><img decoding=\"async\" width=\"728\" height=\"620\" data-id=\"19106\" src=\"https:\/\/www.erweiterte-medizin.de\/wp-content\/uploads\/2024\/04\/flyer-2024-Hanau-4.png\" alt=\"\" class=\"wp-image-19106\" srcset=\"https:\/\/www.erweiterte-medizin.de\/wp-content\/uploads\/2024\/04\/flyer-2024-Hanau-4.png 728w, https:\/\/www.erweiterte-medizin.de\/wp-content\/uploads\/2024\/04\/flyer-2024-Hanau-4-300x255.png 300w, https:\/\/www.erweiterte-medizin.de\/wp-content\/uploads\/2024\/04\/flyer-2024-Hanau-4-580x494.png 580w\" sizes=\"(max-width: 728px) 100vw, 728px\" \/><figcaption>Fizjologiczny idea\u0142<\/figcaption><\/figure>&#13;\n\r\n\r\n&#13;\n<figure class=\"wp-block-image size-large\"><img decoding=\"async\" width=\"729\" height=\"620\" data-id=\"19101\" src=\"https:\/\/www.erweiterte-medizin.de\/wp-content\/uploads\/2024\/04\/flyer-2024-Hanau-3.png\" alt=\"\" class=\"wp-image-19101\" srcset=\"https:\/\/www.erweiterte-medizin.de\/wp-content\/uploads\/2024\/04\/flyer-2024-Hanau-3.png 729w, https:\/\/www.erweiterte-medizin.de\/wp-content\/uploads\/2024\/04\/flyer-2024-Hanau-3-300x255.png 300w, https:\/\/www.erweiterte-medizin.de\/wp-content\/uploads\/2024\/04\/flyer-2024-Hanau-3-580x493.png 580w\" sizes=\"(max-width: 729px) 100vw, 729px\" \/><figcaption>Termogram chaotyczny<\/figcaption><\/figure>&#13;\n\r\n\r\n&#13;\n<figure class=\"wp-block-image size-large\"><img decoding=\"async\" width=\"728\" height=\"620\" data-id=\"19104\" src=\"https:\/\/www.erweiterte-medizin.de\/wp-content\/uploads\/2024\/04\/flyer-2024-Hanau-2.png\" alt=\"\" class=\"wp-image-19104\" srcset=\"https:\/\/www.erweiterte-medizin.de\/wp-content\/uploads\/2024\/04\/flyer-2024-Hanau-2.png 728w, https:\/\/www.erweiterte-medizin.de\/wp-content\/uploads\/2024\/04\/flyer-2024-Hanau-2-300x255.png 300w, https:\/\/www.erweiterte-medizin.de\/wp-content\/uploads\/2024\/04\/flyer-2024-Hanau-2-580x494.png 580w\" sizes=\"(max-width: 728px) 100vw, 728px\" \/><figcaption>Por\u00f3wnanie<\/figcaption><\/figure>&#13;\n<\/figure>\r\n&#13;\n<h2 class=\"wp-block-heading\">Dlaczego nale\u017cy przeprowadzi\u0107 takie badanie CRT?<\/h2>&#13;\n&#13;\n<p>Wczesne wykrywanie chor\u00f3b zawsze by\u0142o najwi\u0119kszym wyzwaniem w medycynie, poniewa\u017c objawy chor\u00f3b przewlek\u0142ych mo\u017cna op\u00f3\u017ani\u0107 do p\u00f3\u017aniejszego wieku lub, w najlepszym przypadku, ca\u0142kowicie ich unikn\u0105\u0107.<\/p>&#13;\n&#13;\n<p>Wczesne wykrywanie oznacza rozpoznawanie chor\u00f3b narz\u0105d\u00f3w, gdy nie wyst\u0119puj\u0105 jeszcze \u017cadne dolegliwo\u015bci ani objawy. Rozpoznanie takiego rozwoju umo\u017cliwia holistycznie wyszkolonemu lekarzowi zastosowanie naturalnych terapii w celu przerwania tego procesu, spowolnienia go lub przywr\u00f3cenia go do normalno\u015bci.<\/p>&#13;\n&#13;\n<p>Kolejn\u0105 zalet\u0105 jest to, \u017ce rozw\u00f3j choroby, kt\u00f3ra zosta\u0142a ju\u017c zdiagnozowana, mo\u017ce by\u0107 stale monitorowany, a tym samym terapia mo\u017ce by\u0107 optymalnie dostosowana.<\/p>&#13;\n&#13;\n<p>Z pewno\u015bci\u0105 jedn\u0105 z najbardziej wyj\u0105tkowych cech CRT jest mo\u017cliwo\u015b\u0107 okre\u015blenia przyczyn choroby, gdy objawy nie s\u0105 ujawniane przez testy laboratoryjne lub procedury obrazowania. Nale\u017c\u0105 do nich w szczeg\u00f3lno\u015bci alergie, przewlek\u0142y b\u00f3l, podatno\u015b\u0107 na infekcje i reumatyzm.<\/p>&#13;\n&#13;\n<p>Dzi\u0119ki pomiarowi ca\u0142ego cia\u0142a mo\u017cliwe jest zatem stworzenie profilu ryzyka i rozpocz\u0119cie niezb\u0119dnych krok\u00f3w terapeutycznych.<\/p>&#13;\n&#13;\n<h2 class=\"wp-block-heading\">Nasza ulotka na ten temat<\/h2>&#13;\n&#13;\n<div data-wp-interactive=\"core\/file\" class=\"wp-block-file\"><object data-wp-bind--hidden=\"!state.hasPdfPreview\"  class=\"wp-block-file__embed\" style=\"width: 100%; height: 600px;\" data=\"https:\/\/www.erweiterte-medizin.de\/wp-content\/uploads\/2024\/04\/flyer-2024-Hanau-Einzelseiten.pdf\" type=\"application\/pdf\" width=\"300\" height=\"150\" aria-label=\"Osadzone z Einbettung von Flyer CRT..\"><\/object><a id=\"wp-block-file--media-b1a26e78-d77a-4965-9650-02b023f4be38\" href=\"https:\/\/www.erweiterte-medizin.de\/wp-content\/uploads\/2024\/04\/flyer-2024-Hanau-Einzelseiten.pdf\">Ulotka CRT<\/a><a class=\"wp-block-file__button\" href=\"https:\/\/www.erweiterte-medizin.de\/wp-content\/uploads\/2024\/04\/flyer-2024-Hanau-Einzelseiten.pdf\" download=\"\" aria-describedby=\"wp-block-file--media-b1a26e78-d77a-4965-9650-02b023f4be38\">Pobierz<\/a><\/div>&#13;\n&#13;\n<h2 class=\"wp-block-heading\">Co ujawnia takie badanie CRT?<\/h2>&#13;\n&#13;\n<p>CRT wskazuje na pocz\u0105tek zaburze\u0144 kr\u0105\u017cenia w m\u00f3zgu lub sercu, kt\u00f3re mog\u0105 ostatecznie prowadzi\u0107 do udaru lub zawa\u0142u serca, je\u015bli rozw\u00f3j ten pozostanie niezauwa\u017cony. Te dwie choroby narz\u0105d\u00f3w s\u0105 nadal najcz\u0119stszymi przyczynami zgon\u00f3w, a tu\u017c za nimi plasuj\u0105 si\u0119 nowotwory.<\/p>&#13;\n&#13;\n<p>Co wi\u0119cej, choroby tarczycy, w\u0105troby, jelit, nerek i choroby metaboliczne, takie jak cukrzyca, mog\u0105 by\u0107 rozpoznane na wczesnym etapie, na przyk\u0142ad zanim nieprawid\u0142owe warto\u015bci laboratoryjne stan\u0105 si\u0119 widoczne. To samo dotyczy prostaty, piersi, jajnik\u00f3w i macicy. Opr\u00f3cz tych chor\u00f3b rejestrowana jest r\u00f3wnie\u017c funkcja uk\u0142adu odporno\u015bciowego i limfatycznego. Oba uk\u0142ady narz\u0105d\u00f3w maj\u0105 ogromne znaczenie dla zapewnienia silnej obrony organizmu i detoksykacji.<\/p>&#13;\n&#13;\n<p>Ponadto, dzi\u0119ki pomiarom z\u0119b\u00f3w, wykrywane s\u0105 \u017ar\u00f3d\u0142a chor\u00f3b i zanieczyszczenia metalami ci\u0119\u017ckimi, kt\u00f3re zwykle pozostaj\u0105 nierozpoznane i s\u0105 odpowiedzialne za zm\u0119czenie i obni\u017con\u0105 wydajno\u015b\u0107, ale cz\u0119sto s\u0105 r\u00f3wnie\u017c czynnikami wywo\u0142uj\u0105cymi reumatyzm lub alergie.<\/p>&#13;\n&#13;\n<p>Przyczyny dolegliwo\u015bci uk\u0142adu mi\u0119\u015bniowo-szkieletowego s\u0105 zwykle rozpoznawane podczas badania CRT, co umo\u017cliwia osi\u0105gni\u0119cie optymalnego leczenia.<\/p>&#13;\n&#13;\n<p>Wszystkie te wyniki s\u0105 filtrowane w pomiarze, kt\u00f3ry trwa nie d\u0142u\u017cej ni\u017c 30 minut i zapewnia pacjentowi osobisty profil ryzyka.<\/p>&#13;\n&#13;\n<h2 class=\"wp-block-heading\">Wczesne wykrywanie raka piersi za pomoc\u0105 CRT bez nara\u017cenia na promieniowanie<\/h2>&#13;\n&#13;\n<p>Rak piersi, wci\u0105\u017c wiod\u0105cy nowotw\u00f3r u kobiet, ka\u017cdego roku poch\u0142ania tysi\u0105ce istnie\u0144 ludzkich na ca\u0142ym \u015bwiecie. Badania mammograficzne nie by\u0142y w stanie zmniejszy\u0107 liczby ofiar raka piersi. Wr\u0119cz przeciwnie, stwarzaj\u0105 nawet ryzyko rozwoju raka, poniewa\u017c promieniowanie rentgenowskie mo\u017ce aktywowa\u0107 u\u015bpione kom\u00f3rki nowotworowe. Mammografii nie mo\u017cna tak naprawd\u0119 okre\u015bli\u0107 jako metody wczesnego wykrywania, poniewa\u017c mo\u017ce ona wykaza\u0107 jedynie istniej\u0105ce guzy, kt\u00f3re maj\u0105 \u015brednio oko\u0142o 1,3 cm wielko\u015bci. Guz tej wielko\u015bci zawiera ju\u017c ponad miliard kom\u00f3rek nowotworowych, a 25% tych guz\u00f3w ma ju\u017c przerzuty na tym etapie.<\/p>&#13;\n&#13;\n<p>Jednak CRT jest w stanie wykry\u0107 podejrzane obszary osiem do dziesi\u0119ciu lat przed tym stadium nowotworu, poniewa\u017c mo\u017ce ju\u017c wizualizowa\u0107 lokalne zmiany cieplne, kt\u00f3re poprzedzaj\u0105 tworzenie si\u0119 guza. Pozostawia to kilka lat na wsparcie organizmu terapiami biologicznymi, aby w najlepszym przypadku choroba nie rozwin\u0119\u0142a si\u0119 do postaci z\u0142o\u015bliwej.<\/p>&#13;\n&#13;\n<p>Wczesne wykrywanie raka piersi rozpoczyna si\u0119 w wieku 20 lat, a nie 40 lat.<\/p>&#13;\n&#13;\n<p>Badanie jest ca\u0142kowicie bezbolesne i bez nara\u017cenia na szkodliwe promieniowanie. Pomiar ca\u0142ego cia\u0142a jest zawsze po\u0142\u0105czony z wczesnym wykrywaniem raka piersi. Opr\u00f3cz piersi mo\u017cna r\u00f3wnie\u017c wykry\u0107 wszystkie inne uk\u0142ady narz\u0105d\u00f3w oraz uk\u0142ad odporno\u015bciowy i limfatyczny. Oczywi\u015bcie badanie to jest r\u00f3wnie\u017c stosowane jednorazowo u kobiet, kt\u00f3re ju\u017c choruj\u0105 na raka piersi w celu wykrycia progresji choroby we wczesnym stadium i oczywi\u015bcie w celu optymalizacji leczenia.<\/p>&#13;\n&#13;\n<figure class=\"wp-block-image size-large\"><img decoding=\"async\" width=\"1024\" height=\"691\" src=\"https:\/\/www.erweiterte-medizin.de\/wp-content\/uploads\/2024\/04\/Ausdruck-CRT-1024x691.jpg\" alt=\"\" class=\"wp-image-19123\" srcset=\"https:\/\/www.erweiterte-medizin.de\/wp-content\/uploads\/2024\/04\/Ausdruck-CRT-1024x691.jpg 1024w, https:\/\/www.erweiterte-medizin.de\/wp-content\/uploads\/2024\/04\/Ausdruck-CRT-300x202.jpg 300w, https:\/\/www.erweiterte-medizin.de\/wp-content\/uploads\/2024\/04\/Ausdruck-CRT-768x518.jpg 768w, https:\/\/www.erweiterte-medizin.de\/wp-content\/uploads\/2024\/04\/Ausdruck-CRT-580x391.jpg 580w, https:\/\/www.erweiterte-medizin.de\/wp-content\/uploads\/2024\/04\/Ausdruck-CRT-860x580.jpg 860w, https:\/\/www.erweiterte-medizin.de\/wp-content\/uploads\/2024\/04\/Ausdruck-CRT-1160x783.jpg 1160w, https:\/\/www.erweiterte-medizin.de\/wp-content\/uploads\/2024\/04\/Ausdruck-CRT.jpg 1224w\" sizes=\"(max-width: 1024px) 100vw, 1024px\" \/><figcaption>Wydruk wczesnego wykrywania CRT<\/figcaption><\/figure>&#13;\n&#13;\n<h2 class=\"wp-block-heading\">CRT wczesne wykrywanie ryzyka raka w og\u00f3le<\/h2>&#13;\n&#13;\n<p>Og\u00f3lnie rzecz bior\u0105c, CRT wskazuje r\u00f3wnie\u017c na og\u00f3lne zbli\u017caj\u0105ce si\u0119 ryzyko raka, poniewa\u017c cia\u0142o ulega bardzo charakterystycznym zmianom termicznym niezale\u017cnie od lokalizacji narz\u0105du, kt\u00f3re przeszkolony lekarz mo\u017ce rozpozna\u0107 na termogramie, a nast\u0119pnie odpowiednio leczy\u0107.<\/p>&#13;\n&#13;\n<h3 class=\"wp-block-heading\">Procedura badania<\/h3>&#13;\n&#13;\n<p>Pacjent pocz\u0105tkowo aklimatyzuje si\u0119 do temperatury pokojowej. Pierwszy pomiar wykonywany jest w okre\u015blonych punktach cia\u0142a. Mierzona jest r\u00f3wnie\u017c g\u0142owa, z\u0119by i klatka piersiowa. Nast\u0119pnie pacjent rozbiera si\u0119 do spodni i pozostaje w tym pomieszczeniu w pozycji siedz\u0105cej lub stoj\u0105cej przez 10 minut w temperaturze pokojowej, w zrelaksowanej pozycji, ale bez krzy\u017cowania r\u0105k lub n\u00f3g (bodziec ch\u0142odz\u0105cy). Po sch\u0142odzeniu organizmu, drugi pomiar jest wykonywany w tych samych punktach, co pierwszy pomiar.<\/p>&#13;\n&#13;\n<h3 class=\"wp-block-heading\">W dniu egzaminu nale\u017cy przestrzega\u0107 nast\u0119puj\u0105cych zasad<\/h3>&#13;\n&#13;\n<p>Nie bierz prysznica i nie stosuj \u017cadnych \u015brodk\u00f3w poprawiaj\u0105cych kr\u0105\u017cenie. Zjedz lekkie \u015bniadanie, wypij kaw\u0119 lub czarn\u0105 herbat\u0119, je\u015bli jeste\u015b do tego przyzwyczajony, przyjmuj tylko leki, do kt\u00f3rych jeste\u015b przyzwyczajony. Wi\u0119cej informacji na ten temat mo\u017ce udzieli\u0107 lekarz. Prosimy o noszenie koszuli, T-shirtu lub bluzki, je\u015bli to mo\u017cliwe, a nie swetra z golfem. Podczas badania nale\u017cy nosi\u0107 d\u0142ugie spodnie. Nie u\u017cywaj \u017cadnych krem\u00f3w, balsam\u00f3w ani makija\u017cu.<\/p>&#13;\n&#13;\n<p><strong>Czy masz jakie\u015b pytania lub chcesz um\u00f3wi\u0107 si\u0119 na spotkanie? Napisz do nas lub zadzwo\u0144.<br\/>Nasi pracownicy odpowiedz\u0105 na Twoje zapytanie szybko i kompetentnie. Z przyjemno\u015bci\u0105 oddzwonimy do Ciebie, aby udzieli\u0107 Ci indywidualnej porady. Lub napisz do nas. Jeste\u015bmy tu dla Ciebie.<\/strong><\/p>&#13;\n&#13;\n\n<div class=\"wpcf7 no-js\" id=\"wpcf7-f15205-o1\" lang=\"de-DE\" dir=\"ltr\" data-wpcf7-id=\"15205\">\n<div class=\"screen-reader-response\"><p role=\"status\" aria-live=\"polite\" aria-atomic=\"true\"><\/p> <ul><\/ul><\/div>\n<form action=\"\/pl\/wp-json\/wp\/v2\/pages\/19142#wpcf7-f15205-o1\" method=\"post\" class=\"wpcf7-form init\" aria-label=\"Kontaktformular\" novalidate=\"novalidate\" data-status=\"init\">\n<div style=\"display: none;\">\n<input type=\"hidden\" name=\"_wpcf7\" value=\"15205\" \/>\n<input type=\"hidden\" name=\"_wpcf7_version\" value=\"6.0.6\" \/>\n<input type=\"hidden\" name=\"_wpcf7_locale\" value=\"de_DE\" \/>\n<input type=\"hidden\" name=\"_wpcf7_unit_tag\" value=\"wpcf7-f15205-o1\" \/>\n<input type=\"hidden\" name=\"_wpcf7_container_post\" value=\"0\" \/>\n<input type=\"hidden\" name=\"_wpcf7_posted_data_hash\" value=\"\" \/>\n<input type=\"hidden\" name=\"_wpcf7_recaptcha_response\" value=\"\" \/>\n<\/div>\n<div style=\"background: #C4ECFC; padding: 10px; margin-top: 20px;\">\n\t<p><span style=\"font-size:13px;\"><b>*Pflichtfelder<\/b><\/span>\n\t<\/p>\n\t<p><label> Ihr Name (*)<br \/>\n<span class=\"wpcf7-form-control-wrap\" data-name=\"your-name\"><input size=\"40\" maxlength=\"400\" class=\"wpcf7-form-control wpcf7-text wpcf7-validates-as-required\" aria-required=\"true\" aria-invalid=\"false\" value=\"\" type=\"text\" name=\"your-name\" \/><\/span> <\/label>\n\t<\/p>\n\t<p><label> Ihre E-Mail-Adresse (*)<br \/>\n<span class=\"wpcf7-form-control-wrap\" data-name=\"your-email\"><input size=\"40\" maxlength=\"400\" class=\"wpcf7-form-control wpcf7-email wpcf7-validates-as-required wpcf7-text wpcf7-validates-as-email\" aria-required=\"true\" aria-invalid=\"false\" value=\"\" type=\"email\" name=\"your-email\" \/><\/span> <\/label>\n\t<\/p>\n\t<p><label> Ihre Telefonnummer (*)<br \/>\n<span class=\"wpcf7-form-control-wrap\" data-name=\"your-tel\"><input size=\"40\" maxlength=\"400\" class=\"wpcf7-form-control wpcf7-tel wpcf7-validates-as-required wpcf7-text wpcf7-validates-as-tel\" aria-required=\"true\" aria-invalid=\"false\" value=\"\" type=\"tel\" name=\"your-tel\" \/><\/span> <\/label>\n\t<\/p>\n\t<p><label> Betreff<br \/>\n<span class=\"wpcf7-form-control-wrap\" data-name=\"your-subject\"><input size=\"40\" maxlength=\"400\" class=\"wpcf7-form-control wpcf7-text\" aria-invalid=\"false\" value=\"\" type=\"text\" name=\"your-subject\" \/><\/span> <\/label>\n\t<\/p>\n\t<p><label> Ihre Nachricht (*)<br \/>\n<span class=\"wpcf7-form-control-wrap\" data-name=\"your-message\"><textarea cols=\"40\" rows=\"10\" maxlength=\"2000\" class=\"wpcf7-form-control wpcf7-textarea wpcf7-validates-as-required\" aria-required=\"true\" aria-invalid=\"false\" name=\"your-message\"><\/textarea><\/span> <\/label>\n\t<\/p>\n\t<p><span id=\"wpcf7-69de703b0933d-wrapper\" class=\"wpcf7-form-control-wrap website-675-wrap\" ><input type=\"hidden\" name=\"website-675-time-start\" value=\"1776185403\"><input type=\"hidden\" name=\"website-675-time-check\" value=\"8\"><label for=\"wpcf7-69de703b0933d-field\" class=\"hp-message\">Bitte lasse dieses Feld leer.<\/label><input id=\"wpcf7-69de703b0933d-field\"  class=\"wpcf7-form-control wpcf7-text\" type=\"text\" name=\"website-675\" value=\"\" size=\"40\" tabindex=\"-1\" autocomplete=\"new-password\" \/><\/span>\n\t<\/p>\n\t<p><span class=\"wpcf7-form-control-wrap\" data-name=\"acceptance-938\"><span class=\"wpcf7-form-control wpcf7-acceptance\"><span class=\"wpcf7-list-item\"><label><input type=\"checkbox\" name=\"acceptance-938\" value=\"1\" aria-invalid=\"false\" \/><span class=\"wpcf7-list-item-label\">(*) Ja, ich gebe meine Zustimmung f\u00fcr die Verarbeitung meiner personenbezogenen Daten \u2013 gem\u00e4\u00df der Datenschutzverordnung (DSGVO) \u2013 zur Bearbeitung und Beantwortung dieser Anfrage. (Ihre Daten werden streng vertraulich behandelt.)<\/span><\/label><\/span><\/span><\/span>\n\t<\/p>\n\t<p><input class=\"wpcf7-form-control wpcf7-submit has-spinner\" type=\"submit\" value=\"Anfrage senden\" \/>\n\t<\/p>\n<\/div><div class=\"wpcf7-response-output\" aria-hidden=\"true\"><\/div>\n<\/form>\n<\/div>\n&#13;\n&#13;\n","protected":false},"excerpt":{"rendered":"<p>Stan ca\u0142ego cia\u0142a w ci\u0105gu jednej godziny Wczesne wykrywanie chor\u00f3b przed wyst\u0105pieniem objaw\u00f3w Czym jest komputerowa termografia regulacyjna? Badanie CRT jest jedn\u0105 z najnowocze\u015bniejszych, innowacyjnych i pouczaj\u0105cych metod badania w dziedzinie medycyny funkcjonalnej. Funkcjonalno\u015b\u0107 oznacza, \u017ce metoda ta jest szczeg\u00f3lnie przydatna do odkrywania przyczyn dolegliwo\u015bci i zaburze\u0144 nastroju, zanim choroba w pe\u0142ni si\u0119 rozwinie. W&#8230;<\/p>\n","protected":false},"author":2,"featured_media":0,"parent":15483,"menu_order":5,"comment_status":"closed","ping_status":"closed","template":"","meta":{"content-type":"","footnotes":""},"class_list":["post-19142","page","type-page","status-publish","hentry"],"_links":{"self":[{"href":"https:\/\/www.erweiterte-medizin.de\/pl\/wp-json\/wp\/v2\/pages\/19142"}],"collection":[{"href":"https:\/\/www.erweiterte-medizin.de\/pl\/wp-json\/wp\/v2\/pages"}],"about":[{"href":"https:\/\/www.erweiterte-medizin.de\/pl\/wp-json\/wp\/v2\/types\/page"}],"author":[{"embeddable":true,"href":"https:\/\/www.erweiterte-medizin.de\/pl\/wp-json\/wp\/v2\/users\/2"}],"replies":[{"embeddable":true,"href":"https:\/\/www.erweiterte-medizin.de\/pl\/wp-json\/wp\/v2\/comments?post=19142"}],"version-history":[{"count":0,"href":"https:\/\/www.erweiterte-medizin.de\/pl\/wp-json\/wp\/v2\/pages\/19142\/revisions"}],"up":[{"embeddable":true,"href":"https:\/\/www.erweiterte-medizin.de\/pl\/wp-json\/wp\/v2\/pages\/15483"}],"wp:attachment":[{"href":"https:\/\/www.erweiterte-medizin.de\/pl\/wp-json\/wp\/v2\/media?parent=19142"}],"curies":[{"name":"wp","href":"https:\/\/api.w.org\/{rel}","templated":true}]}}